{"id":21,"date":"2023-11-09T08:45:27","date_gmt":"2023-11-09T08:45:27","guid":{"rendered":"http:\/\/fmarraigo.com\/?page_id=21"},"modified":"2023-11-09T08:45:27","modified_gmt":"2023-11-09T08:45:27","slug":"nuestra-radio","status":"publish","type":"page","link":"https:\/\/fmarraigo.com\/?page_id=21","title":{"rendered":"Nuestra Radio"},"content":{"rendered":"\n<p>La historia de <strong>Radio Arraigo FM 102.7 <\/strong>se origina en la convicci\u00f3n de otorgar voz a aquellos que hist\u00f3ricamente han carecido de representaci\u00f3n, dando prioridad a los sectores m\u00e1s vulnerables, a los marginados, a los trabajadores, jubilados y desocupados. Fundada como parte de la <strong>Corriente Clasista y Combativa <\/strong>(CCC), una organizaci\u00f3n que ha sido un defensor incansable de estos sectores desde 1994, la estaci\u00f3n se ha convertido en un referente de comunicaci\u00f3n comunitaria en el municipio de La Matanza, Provincia de Buenos Aires.<\/p>\n\n\n\n<p><\/p>\n\n\n\n<p>Nuestra emisora, Radio Arraigo FM 102.7, fue establecida en respuesta a la aprobaci\u00f3n de la ley de medios en agosto de 2010. Participamos activamente en el censo convocado por la Autoridad Federal de Servicios de Comunicaci\u00f3n Audiovisual, lo que nos brind\u00f3 la oportunidad no solo de establecer una emisora de radio, sino tambi\u00e9n un canal de televisi\u00f3n.<\/p>\n\n\n\n<p><\/p>\n\n\n\n<p>La consolidaci\u00f3n de nuestra radio se materializ\u00f3 a lo largo de dos a\u00f1os, culminando con la adquisici\u00f3n de los equipos de la extinta <em>radio Venus <\/em>el <strong>12 de febrero de 2012<\/strong>. Esta adquisici\u00f3n fue un hito significativo, ya que la frecuencia FM 102.7 pas\u00f3 a ser nuestra, tras gestionar los tr\u00e1mites correspondientes en la AFSCA.<\/p>\n\n\n\n<p><\/p>\n\n\n\n<p>Desde entonces, nos hemos enfocado en realizar capacitaciones y cursos especializados para optimizar nuestra operaci\u00f3n radiof\u00f3nica. Estos esfuerzos se llevaron a cabo con el objetivo de fortalecer nuestros conocimientos, permiti\u00e9ndonos enfrentar los desaf\u00edos con eficacia.<\/p>\n\n\n\n<p><\/p>\n\n\n\n<p>La idea inicial del proyecto de comunicaci\u00f3n comunitaria ha atravesado diversos procesos hasta consolidarse como una de las emisoras m\u00e1s s\u00f3lidas de la regi\u00f3n. Los estudios centrales de Radio Arraigo se encuentran en una de las sedes de la CCC Matanza, ubicada en el barrio de La Juanita en Gregorio de Laferrere.<\/p>\n\n\n\n<p><\/p>\n\n\n\n<p>Durante este proceso de crecimiento y consolidaci\u00f3n, la radio ha recibido el apoyo fundamental de la <em>Federaci\u00f3n de Cooperativas Ren\u00e9 Salamanca<\/em>. Destacamos que en la lucha por <strong>Tierra, Techo y Trabajo <\/strong>para todos y todas, la comunicaci\u00f3n popular autogestiva y comunitaria es una herramienta esencial en la defensa de la democratizaci\u00f3n de la informaci\u00f3n.<\/p>\n\n\n\n<p><\/p>\n\n\n\n<p>Es importante subrayar que<strong> Radio Arraigo<\/strong> es uno de los pocos medios genuinamente independientes y autogestionados que no defiende los intereses de ning\u00fan gobierno en particular, sino que responde a las necesidades e inquietudes de toda la clase trabajadora. Aunque reconocemos que a\u00fan queda un largo camino por recorrer, estamos comprometidos en seguir generando espacios que suplan lo que los grandes medios omiten, porque consideramos que es el camino hacia una verdadera democratizaci\u00f3n de los medios de comunicaci\u00f3n.<\/p>\n","protected":false},"excerpt":{"rendered":"<p>La historia de Radio Arraigo FM 102.7 se origina en la convicci\u00f3n de otorgar voz&#8230;<\/p>\n","protected":false},"author":1,"featured_media":0,"parent":0,"menu_order":0,"comment_status":"closed","ping_status":"closed","template":"","meta":{"footnotes":""},"class_list":["post-21","page","type-page","status-publish","hentry"],"_links":{"self":[{"href":"https:\/\/fmarraigo.com\/index.php?rest_route=\/wp\/v2\/pages\/21","targetHints":{"allow":["GET"]}}],"collection":[{"href":"https:\/\/fmarraigo.com\/index.php?rest_route=\/wp\/v2\/pages"}],"about":[{"href":"https:\/\/fmarraigo.com\/index.php?rest_route=\/wp\/v2\/types\/page"}],"author":[{"embeddable":true,"href":"https:\/\/fmarraigo.com\/index.php?rest_route=\/wp\/v2\/users\/1"}],"replies":[{"embeddable":true,"href":"https:\/\/fmarraigo.com\/index.php?rest_route=%2Fwp%2Fv2%2Fcomments&post=21"}],"version-history":[{"count":0,"href":"https:\/\/fmarraigo.com\/index.php?rest_route=\/wp\/v2\/pages\/21\/revisions"}],"wp:attachment":[{"href":"https:\/\/fmarraigo.com\/index.php?rest_route=%2Fwp%2Fv2%2Fmedia&parent=21"}],"curies":[{"name":"wp","href":"https:\/\/api.w.org\/{rel}","templated":true}]}}